{"id":49,"date":"2020-09-06T12:29:57","date_gmt":"2020-09-06T10:29:57","guid":{"rendered":"http:\/\/prodis.pbf.hr\/?page_id=49"},"modified":"2023-06-02T20:06:36","modified_gmt":"2023-06-02T18:06:36","slug":"o-nama","status":"publish","type":"page","link":"http:\/\/prodis.pbf.hr\/?page_id=49","title":{"rendered":"O nama"},"content":{"rendered":"\n<p id=\"block-93a9aae1-765f-4db4-a907-b5bfa0c66b82\"><strong>Voditelj:<\/strong><\/p>\n\n\n\n<p id=\"block-93a9aae1-765f-4db4-a907-b5bfa0c66b82\"><a rel=\"noreferrer noopener\" href=\"http:\/\/www.pbf.unizg.hr\/zavodi\/zavod_za_kemiju_i_biokemiju\/laboratorij_za_biokemiju\/renata_teparic\" target=\"_blank\">prof. dr. sc. Renata Tepari\u0107<\/a> \/\/ redoviti profesor, Laboratorij za biokemiju, Prehrambeno-biotehnolo\u0161ki fakultet, Sveu\u010dili\u0161te u Zagrebu, Republika Hrvatska<\/p>\n\n\n\n<p id=\"block-3007d523-4557-473b-bcfd-2bb518029072\"><strong>Suradnici:<\/strong><\/p>\n\n\n\n<p id=\"block-5b60a4eb-ed5b-4f4e-9bf5-b2c889a48b1e\"><a rel=\"noreferrer noopener\" href=\"http:\/\/www.pbf.unizg.hr\/zavodi\/zavod_za_kemiju_i_biokemiju\/laboratorij_za_biokemiju\/vladimir_mrsa\" target=\"_blank\">prof. dr. sc. Vladimir Mr\u0161a<\/a> \/\/ redoviti profesor, Laboratorij za biokemiju, Prehrambeno-biotehnolo\u0161ki fakultet, Sveu\u010dili\u0161te u Zagrebu, Republika Hrvatska<\/p>\n\n\n\n<p id=\"block-8b917dc6-829c-4976-8ce6-5271602381fc\"><a href=\"http:\/\/www.pbf.unizg.hr\/zavodi\/zavod_za_kemiju_i_biokemiju\/laboratorij_za_opcu_i_anorgansku_kemiju_i_elektroanalizu\/damir_ivekovic\" target=\"_blank\" rel=\"noreferrer noopener\">prof. dr. sc. Damir Ivekovi\u0107<\/a> \/\/ izvanredni profesor, Laboratorij za op\u0107u i anorgansku kemiju i elektroanalizu, Prehrambeno-biotehnolo\u0161ki fakultet, Sveu\u010dili\u0161te u Zagrebu, Republika Hrvatska<\/p>\n\n\n\n<p id=\"block-165c47fb-16fd-49cf-a501-71d4fc333120\"><a rel=\"noreferrer noopener\" href=\"http:\/\/www.pbf.unizg.hr\/zavodi\/zavod_za_biokemijsko_inzenjerstvo\/laboratorij_za_bi_im_i_tsp\/anita_slavica\" target=\"_blank\">prof. dr. sc. Anita Slavica<\/a> \/\/ redoviti profesor, Laboratorij za biokemijsko in\u017eenjerstvo, industrijsku mikrobiologiju i tehnologiju piva i slada, Prehrambeno-biotehnolo\u0161ki fakultet, Sveu\u010dili\u0161te u Zagrebu, Republika Hrvatska<\/p>\n\n\n\n<p id=\"block-a1421aef-76b5-4c73-9d16-2d455a767267\"><a href=\"https:\/\/forschung.boku.ac.at\/fis\/suchen.person_uebersicht?id_in=5302&amp;menue_id_in=101&amp;sprache_in=en\" target=\"_blank\" rel=\"noreferrer noopener\">dr. sc. Ksenija Lopandi\u0107<\/a> \/\/ vi\u0161i znanstvenik, Institut za mikrobiologiju i mikrobnu biotehnologiju, Sveu\u010dili\u0161te prirodnih resursa i prirodnih znanosti, Be\u010d, Austrija<\/p>\n\n\n\n<p id=\"block-161cd60c-a126-4ad6-ac86-c7c30ad02bcf\"><a rel=\"noreferrer noopener\" href=\"http:\/\/www.pbf.unizg.hr\/zavodi\/zavod_za_kemiju_i_biokemiju\/laboratorij_za_biokemiju\/branko_kozulic\" target=\"_blank\">dr. sc. Branko Kozuli\u0107<\/a> \/\/ osniva\u010d i voditelj tvrtke Gentius d.o.o., Zadar, Republika Hrvatska<\/p>\n\n\n\n<p id=\"block-b264263c-74d0-46b7-980c-442a532eddf6\"><a rel=\"noreferrer noopener\" href=\"http:\/\/www.pbf.unizg.hr\/zavodi\/zavod_za_kemiju_i_biokemiju\/laboratorij_za_biokemiju\/igor_stuparevic\" target=\"_blank\">izv. prof. dr. sc. Igor Stuparevi\u0107<\/a> \/\/ izvanredni profesor, Laboratorij za biokemiju, Prehrambeno-biotehnolo\u0161ki fakultet, Sveu\u010dili\u0161te u Zagrebu, Republika Hrvatska<\/p>\n\n\n\n<p id=\"block-5bcb9853-7d58-4a06-9c20-64871f414fee\"><a href=\"http:\/\/www.pbf.unizg.hr\/zavodi\/zavod_za_kemiju_i_biokemiju\/laboratorij_za_biokemiju\/bojan_zunar\" target=\"_blank\" rel=\"noreferrer noopener\">doc. dr. sc. Bojan \u017dunar<\/a> \/\/ docent, Laboratorij za biokemiju, Prehrambeno-biotehnolo\u0161ki fakultet, Sveu\u010dili\u0161te u Zagrebu, Republika Hrvatska<\/p>\n\n\n\n<p id=\"block-f38ec144-3d91-4185-a0aa-57b64e316782\"><a rel=\"noreferrer noopener\" href=\"http:\/\/www.pbf.unizg.hr\/zavodi\/zavod_za_kemiju_i_biokemiju\/laboratorij_za_biokemiju\/antonija_grbavac\" target=\"_blank\">dr. sc. Antonija Grbavac<\/a> \/\/ vi\u0161i asistent, Laboratorij za biokemiju, Prehrambeno-biotehnolo\u0161ki fakultet, Sveu\u010dili\u0161te u Zagrebu, Republika Hrvatska<\/p>\n\n\n\n<p id=\"block-9c061f19-282e-486f-b564-2383676ac534\"><a rel=\"noreferrer noopener\" href=\"http:\/\/www.pbf.unizg.hr\/zavodi\/zavod_za_kemiju_i_biokemiju\/laboratorij_za_biokemiju\/mateja_lozancic\" target=\"_blank\">dr. sc. Mateja Lozan\u010di\u0107<\/a> \/\/ vi\u0161i asistent, Laboratorij za biokemiju, Prehrambeno-biotehnolo\u0161ki fakultet, Sveu\u010dili\u0161te u Zagrebu, Republika Hrvatska<\/p>\n\n\n\n<p id=\"block-ddff15f3-5582-4983-8a00-672cec063823\"><a rel=\"noreferrer noopener\" href=\"http:\/\/www.pbf.unizg.hr\/zavodi\/zavod_za_kemiju_i_biokemiju\/laboratorij_za_biokemiju\/ana_novacic\" target=\"_blank\">dr. sc. Ana Nova\u010di\u0107<\/a> \/\/ vi\u0161i asistent, Laboratorij za biokemiju, Prehrambeno-biotehnolo\u0161ki fakultet, Sveu\u010dili\u0161te u Zagrebu, Republika Hrvatska<\/p>\n\n\n\n<p><a rel=\"noreferrer noopener\" href=\"http:\/\/www.pbf.unizg.hr\/zavodi\/zavod_za_kemiju_i_biokemiju\/laboratorij_za_opcu_i_anorgansku_kemiju_i_elektroanalizu\/egon_resetar\" target=\"_blank\">mag. ing. bioproc. Egon Re\u0161etar<\/a> \/\/ doktorand, Laboratorij za op\u0107u i anorgansku kemiju i elektroanalizu, Prehrambeno-biotehnolo\u0161ki fakultet, Sveu\u010dili\u0161te u Zagrebu, Republika Hrvatska<\/p>\n\n\n\n<p>mag. ing. biotechn. Tea Martini\u0107 Cezar \/\/ doktorand, Laboratorij za biokemiju, Prehrambeno-biotehnolo\u0161ki fakultet, Sveu\u010dili\u0161te u Zagrebu, Republika Hrvatska<\/p>\n","protected":false},"excerpt":{"rendered":"<p>Voditelj: prof. dr. sc. Renata Tepari\u0107 \/\/ redoviti profesor, Laboratorij za biokemiju, Prehrambeno-biotehnolo\u0161ki fakultet, Sveu\u010dili\u0161te u Zagrebu, Republika Hrvatska Suradnici: prof. dr. sc. Vladimir Mr\u0161a \/\/ redoviti profesor, Laboratorij za biokemiju, Prehrambeno-biotehnolo\u0161ki fakultet, Sveu\u010dili\u0161te u Zagrebu, Republika Hrvatska prof. dr. sc. Damir Ivekovi\u0107 \/\/ izvanredni profesor, Laboratorij za op\u0107u i anorgansku kemiju i elektroanalizu, Prehrambeno-biotehnolo\u0161ki &hellip; <\/p>\n<p class=\"link-more\"><a href=\"http:\/\/prodis.pbf.hr\/?page_id=49\" class=\"more-link\">Nastavi \u010ditati<span class=\"screen-reader-text\"> &#8220;O nama&#8221;<\/span><\/a><\/p>\n","protected":false},"author":1,"featured_media":135,"parent":0,"menu_order":0,"comment_status":"closed","ping_status":"closed","template":"","meta":[],"_links":{"self":[{"href":"http:\/\/prodis.pbf.hr\/index.php?rest_route=\/wp\/v2\/pages\/49"}],"collection":[{"href":"http:\/\/prodis.pbf.hr\/index.php?rest_route=\/wp\/v2\/pages"}],"about":[{"href":"http:\/\/prodis.pbf.hr\/index.php?rest_route=\/wp\/v2\/types\/page"}],"author":[{"embeddable":true,"href":"http:\/\/prodis.pbf.hr\/index.php?rest_route=\/wp\/v2\/users\/1"}],"replies":[{"embeddable":true,"href":"http:\/\/prodis.pbf.hr\/index.php?rest_route=%2Fwp%2Fv2%2Fcomments&post=49"}],"version-history":[{"count":8,"href":"http:\/\/prodis.pbf.hr\/index.php?rest_route=\/wp\/v2\/pages\/49\/revisions"}],"predecessor-version":[{"id":152,"href":"http:\/\/prodis.pbf.hr\/index.php?rest_route=\/wp\/v2\/pages\/49\/revisions\/152"}],"wp:featuredmedia":[{"embeddable":true,"href":"http:\/\/prodis.pbf.hr\/index.php?rest_route=\/wp\/v2\/media\/135"}],"wp:attachment":[{"href":"http:\/\/prodis.pbf.hr\/index.php?rest_route=%2Fwp%2Fv2%2Fmedia&parent=49"}],"curies":[{"name":"wp","href":"https:\/\/api.w.org\/{rel}","templated":true}]}}