{"id":47,"date":"2020-09-06T12:29:23","date_gmt":"2020-09-06T10:29:23","guid":{"rendered":"http:\/\/prodis.pbf.hr\/?page_id=47"},"modified":"2020-09-09T22:26:41","modified_gmt":"2020-09-09T20:26:41","slug":"o-projektu","status":"publish","type":"page","link":"http:\/\/prodis.pbf.hr\/?page_id=47","title":{"rendered":"O projektu"},"content":{"rendered":"\n<p>Svaka <strong>kva\u0161\u010deva stanica<\/strong> obavijena je <strong>stani\u010dnom stijenkom<\/strong>, vanjskom ovojnicom koju aktivno gradi da bi se za\u0161titila i odredila svoj oblik. Kako je stani\u010dna stijenka glavna barijera izme\u0111u stanice i njenog okoli\u0161a, stanica je oblikuje vrlo pa\u017eljivo, koriste\u0107i pritom <strong>slo\u017eene molekularne mehanizme<\/strong> koji su do danas tek djelomi\u010dno razja\u0161njeni.<\/p>\n\n\n\n<p>Stani\u010dna stijenka sastoji se od unutarnjeg i vanjskog sloja. I dok je <strong>unutarnji sloj<\/strong> stani\u010dne stijenke gra\u0111en od \u00df-1,3- i \u00df-1,6-<strong>glukana<\/strong>, <strong>vanjski soj <\/strong>sastavljen je od <strong>manoproteina<\/strong> i na njih vezanih mananskih lanaca. Neki manoproteini ve\u017eu se na glukan nekovalentno, dok se drugi ve\u017eu kovalentno, i to preko <strong>GPI sidra<\/strong> na \u00df-1,6-glukan ili preko karakteristi\u010dnih <strong>Pir sekvenci<\/strong> na \u00df-1,3-glukan. Takvo kovalentno vezanje mo\u017ee se iskoristiti za <strong>imobilizaciju<\/strong> novih, heterolognih proteina na povr\u0161inu kva\u0161\u010devih stanica, \u010dime nastaju novi <strong>biolo\u0161ki aktivni materijali<\/strong>. Me\u0111utim, takve novo-proizvedene stani\u010dne povr\u0161ine redovito se odlikuju niskom enzimskom aktivno\u0161\u0107u.<\/p>\n\n\n\n<p>Kako bismo ubla\u017eili ovaj nedostatak, u ovom projektu \u0107emo <strong>modificirati<\/strong> razli\u010dite molekularne procese uklju\u010dene u konstrukciju kva\u0161\u010deve stani\u010dne stijenke, npr. <strong>glikozilaciju<\/strong> i <strong>sekreciju<\/strong> proteina, <strong>endocitozu<\/strong> te <strong>vezanje proteina<\/strong> preko GPI sidra i preko proteinske okosnice. Tako\u0111er \u0107emo na kva\u0161\u010devoj povr\u0161ini vezati dva biotehnolo\u0161ki zna\u010dajna proteina, <strong>metionil-adenozin transferazu<\/strong> (MAT) i <strong>saharoza fosforilazu<\/strong> (SPazu). Ova dva enzima kataliziraju reakcije klju\u010dne za proizvodnju S-adenozil-metionina i glukozil-glicerola, dvije molekule koje se danas sintetiziraju unutar stanica kvasca, u bioprocesima ograni\u010denima upravo ulaskom supstrata u stanicu pa bi lokalizacija enzimske reakcije na <strong>povr\u0161inu kvasca<\/strong> uvelike pobolj\u0161ala efikasnost proizvodnog bioprocesa.<\/p>\n","protected":false},"excerpt":{"rendered":"<p>Svaka kva\u0161\u010deva stanica obavijena je stani\u010dnom stijenkom, vanjskom ovojnicom koju aktivno gradi da bi se za\u0161titila i odredila svoj oblik. Kako je stani\u010dna stijenka glavna barijera izme\u0111u stanice i njenog okoli\u0161a, stanica je oblikuje vrlo pa\u017eljivo, koriste\u0107i pritom slo\u017eene molekularne mehanizme koji su do danas tek djelomi\u010dno razja\u0161njeni. Stani\u010dna stijenka sastoji se od unutarnjeg i &hellip; <\/p>\n<p class=\"link-more\"><a href=\"http:\/\/prodis.pbf.hr\/?page_id=47\" class=\"more-link\">Nastavi \u010ditati<span class=\"screen-reader-text\"> &#8220;O projektu&#8221;<\/span><\/a><\/p>\n","protected":false},"author":1,"featured_media":37,"parent":0,"menu_order":0,"comment_status":"closed","ping_status":"closed","template":"","meta":[],"_links":{"self":[{"href":"http:\/\/prodis.pbf.hr\/index.php?rest_route=\/wp\/v2\/pages\/47"}],"collection":[{"href":"http:\/\/prodis.pbf.hr\/index.php?rest_route=\/wp\/v2\/pages"}],"about":[{"href":"http:\/\/prodis.pbf.hr\/index.php?rest_route=\/wp\/v2\/types\/page"}],"author":[{"embeddable":true,"href":"http:\/\/prodis.pbf.hr\/index.php?rest_route=\/wp\/v2\/users\/1"}],"replies":[{"embeddable":true,"href":"http:\/\/prodis.pbf.hr\/index.php?rest_route=%2Fwp%2Fv2%2Fcomments&post=47"}],"version-history":[{"count":6,"href":"http:\/\/prodis.pbf.hr\/index.php?rest_route=\/wp\/v2\/pages\/47\/revisions"}],"predecessor-version":[{"id":134,"href":"http:\/\/prodis.pbf.hr\/index.php?rest_route=\/wp\/v2\/pages\/47\/revisions\/134"}],"wp:featuredmedia":[{"embeddable":true,"href":"http:\/\/prodis.pbf.hr\/index.php?rest_route=\/wp\/v2\/media\/37"}],"wp:attachment":[{"href":"http:\/\/prodis.pbf.hr\/index.php?rest_route=%2Fwp%2Fv2%2Fmedia&parent=47"}],"curies":[{"name":"wp","href":"https:\/\/api.w.org\/{rel}","templated":true}]}}